{"id":10,"date":"2021-08-30T13:30:19","date_gmt":"2021-08-30T04:30:19","guid":{"rendered":"http:\/\/nishiharu.jp\/cp-bin\/wordpress5\/?page_id=10"},"modified":"2023-03-27T10:02:11","modified_gmt":"2023-03-27T01:02:11","slug":"service","status":"publish","type":"page","link":"https:\/\/nishiharu.jp\/cp-bin\/wordpress5\/service\/","title":{"rendered":"\u8a2d\u5099\u6848\u5185"},"content":{"rendered":"\n<h3 class=\"has-normal-font-size wp-block-heading\">CAD\/CAM<\/h3>\n\n\n\n<p>3\u6b21\u5143CAD\/CAM&nbsp;1\u53f0&nbsp;VISI<br>2\u6b21\u5143CAD\/CAM&nbsp;3\u53f0&nbsp;\u30ca\u30b9\u30ab\u30fb\u30d7\u30ed<br>2\u6b21\u5143CAD&nbsp;2\u53f0&nbsp;FX\u2161<br><\/p>\n\n\n\n<hr class=\"wp-block-separator has-css-opacity\"\/>\n\n\n\n<h2 class=\"has-normal-font-size wp-block-heading\">\u30de\u30b7\u30cb\u30f3\u30b0\u30bb\u30f3\u30bf<\/h2>\n\n\n\n<p>\u30aa\u30fc\u30af\u30de\u88fd<br>MX55-VB&nbsp;1050\u00d7550\u00d7350<\/p>\n\n\n\n<figure class=\"wp-block-image size-full\"><img loading=\"lazy\" decoding=\"async\" width=\"250\" height=\"200\" src=\"https:\/\/nishiharu.jp\/cp-bin\/wordpress5\/wp-content\/uploads\/2021\/08\/mx55-vb.jpg\" alt=\"\u30de\u30b7\u30cb\u30f3\u30b0\u30bb\u30f3\u30bf\" class=\"wp-image-28\"\/><\/figure>\n\n\n\n<hr class=\"wp-block-separator has-css-opacity\"\/>\n\n\n\n<h2 class=\"has-normal-font-size wp-block-heading\">\u30ef\u30a4\u30e4\u30fc\u30ab\u30c3\u30c8<\/h2>\n\n\n\n<p>\u30bd\u30c7\u30a3\u30c3\u30af\u88fd<br>AQ537L&nbsp;570\u00d7370\u00d7350<br>A500W&nbsp;500\u00d7300\u00d7250<\/p>\n\n\n\n<figure class=\"wp-block-image size-full\"><img loading=\"lazy\" decoding=\"async\" width=\"250\" height=\"200\" src=\"https:\/\/nishiharu.jp\/cp-bin\/wordpress5\/wp-content\/uploads\/2021\/08\/aq537l.jpg\" alt=\"\u30ef\u30a4\u30e4\u30fc\u30ab\u30c3\u30c8\" class=\"wp-image-36\"\/><\/figure>\n\n\n\n<hr class=\"wp-block-separator has-css-opacity\"\/>\n\n\n\n<h2 class=\"has-normal-font-size wp-block-heading\">\u30b5\u30fc\u30dc\u30d7\u30ec\u30b9<\/h2>\n\n\n\n<p>\u30a2\u30a4\u30c0\u88fd<br>NC1-1500D&nbsp;150\u30c8\u30f3\u30b5\u30fc\u30dc\u30d7\u30ec\u30b9<br>\u30ec\u30d9\u30e9\u30fc\u4ed8<\/p>\n\n\n\n<figure class=\"wp-block-image size-full is-resized\"><img loading=\"lazy\" decoding=\"async\" src=\"https:\/\/nishiharu.jp\/cp-bin\/wordpress5\/wp-content\/uploads\/2021\/08\/nc1-1500d.jpg\" alt=\"\u30b5\u30fc\u30dc\u30d7\u30ec\u30b9\" class=\"wp-image-39\" width=\"250\" height=\"200\"\/><\/figure>\n\n\n\n<hr class=\"wp-block-separator has-css-opacity\"\/>\n\n\n\n<h2 class=\"has-normal-font-size wp-block-heading\">\u30e1\u30ab\u30d7\u30ec\u30b9<\/h2>\n\n\n\n<p>\u30a2\u30de\u30c0\u88fd<br>PUX80&nbsp;80\u30c8\u30f3&nbsp;\u30e1\u30ab\u30d7\u30ec\u30b9&nbsp;\u30ec\u30d9\u30e9\u30fc\u4ed8<br>PUX80&nbsp;80\u30c8\u30f3&nbsp;\u30e1\u30ab\u30d7\u30ec\u30b9<br>PUX60&nbsp;60\u30c8\u30f3&nbsp;\u30e1\u30ab\u30d7\u30ec\u30b9<br>PUX60&nbsp;60\u30c8\u30f3&nbsp;\u30e1\u30ab\u30d7\u30ec\u30b9<br>PUX45&nbsp;45\u30c8\u30f3&nbsp;\u30e1\u30ab\u30d7\u30ec\u30b9<br>PUX45&nbsp;45\u30c8\u30f3&nbsp;\u30e1\u30ab\u30d7\u30ec\u30b9<br>PUX45&nbsp;45\u30c8\u30f3&nbsp;\u30e1\u30ab\u30d7\u30ec\u30b9<br>PUX35&nbsp;35\u30c8\u30f3&nbsp;\u30e1\u30ab\u30d7\u30ec\u30b9<br>PUX35&nbsp;35\u30c8\u30f3&nbsp;\u30e1\u30ab\u30d7\u30ec\u30b9<br>PUX35&nbsp;35\u30c8\u30f3&nbsp;\u30e1\u30ab\u30d7\u30ec\u30b9<br>PUX25&nbsp;25\u30c8\u30f3&nbsp;\u30e1\u30ab\u30d7\u30ec\u30b9<br>PUX15&nbsp;15\u30c8\u30f3&nbsp;\u30e1\u30ab\u30d7\u30ec\u30b9<\/p>\n\n\n\n<hr class=\"wp-block-separator has-css-opacity\"\/>\n\n\n\n<h2 class=\"has-normal-font-size wp-block-heading\">\u305d\u306e\u4ed6<\/h2>\n\n\n\n<p>\u30bf\u30c6\u578b\u30d5\u30e9\u30a4\u30b9&nbsp;2\u53f0<br>\u30e9\u30b8\u30a2\u30eb\u30dc\u30fc\u30eb\u76e4&nbsp;1\u53f0<br>\u5e73\u9762\u7814\u524a\u76e4\/\u6210\u5f62\u7814\u524a\u76e4&nbsp;\u54041\u53f0<br>\u65cb\u76e4&nbsp;1\u53f0<\/p>\n","protected":false},"excerpt":{"rendered":"<p>CAD\/CAM 3\u6b21\u5143CAD\/CAM&nbsp;1\u53f0&nbsp;VISI2\u6b21\u5143CAD\/CAM&nbsp;3\u53f0&nbsp;\u30ca\u30b9\u30ab\u30fb\u30d7\u30ed2\u6b21\u5143CAD&nbsp;2\u53f0&nbsp;FX\u2161 \u30de\u30b7\u30cb\u30f3\u30b0\u30bb\u30f3\u30bf \u30aa\u30fc\u30af\u30de\u88fdMX55-V [&hellip;]<\/p>\n","protected":false},"author":1,"featured_media":0,"parent":0,"menu_order":0,"comment_status":"closed","ping_status":"closed","template":"","meta":{"om_disable_all_campaigns":false,"_monsterinsights_skip_tracking":false,"_monsterinsights_sitenote_active":false,"_monsterinsights_sitenote_note":"","_monsterinsights_sitenote_category":0,"footnotes":""},"class_list":["post-10","page","type-page","status-publish","hentry"],"aioseo_notices":[],"_links":{"self":[{"href":"https:\/\/nishiharu.jp\/cp-bin\/wordpress5\/wp-json\/wp\/v2\/pages\/10","targetHints":{"allow":["GET"]}}],"collection":[{"href":"https:\/\/nishiharu.jp\/cp-bin\/wordpress5\/wp-json\/wp\/v2\/pages"}],"about":[{"href":"https:\/\/nishiharu.jp\/cp-bin\/wordpress5\/wp-json\/wp\/v2\/types\/page"}],"author":[{"embeddable":true,"href":"https:\/\/nishiharu.jp\/cp-bin\/wordpress5\/wp-json\/wp\/v2\/users\/1"}],"replies":[{"embeddable":true,"href":"https:\/\/nishiharu.jp\/cp-bin\/wordpress5\/wp-json\/wp\/v2\/comments?post=10"}],"version-history":[{"count":9,"href":"https:\/\/nishiharu.jp\/cp-bin\/wordpress5\/wp-json\/wp\/v2\/pages\/10\/revisions"}],"predecessor-version":[{"id":105,"href":"https:\/\/nishiharu.jp\/cp-bin\/wordpress5\/wp-json\/wp\/v2\/pages\/10\/revisions\/105"}],"wp:attachment":[{"href":"https:\/\/nishiharu.jp\/cp-bin\/wordpress5\/wp-json\/wp\/v2\/media?parent=10"}],"curies":[{"name":"wp","href":"https:\/\/api.w.org\/{rel}","templated":true}]}}